{"id":9,"date":"2023-12-13T08:33:26","date_gmt":"2023-12-13T11:33:26","guid":{"rendered":"https:\/\/qladvogados.com.br\/?page_id=9"},"modified":"2024-04-24T17:14:26","modified_gmt":"2024-04-24T20:14:26","slug":"atuamos-atentos-as-transformacoes-pelas-quais-a-sociedade-e-o-mundo-empresarial-passam","status":"publish","type":"page","link":"https:\/\/qladvogados.com.br\/en\/","title":{"rendered":"(PT) Atuamos atentos \u00e0s transforma\u00e7\u00f5es pelas quais a sociedade e o mundo empresarial passam"},"content":{"rendered":"","protected":false},"excerpt":{"rendered":"","protected":false},"author":1,"featured_media":255,"parent":0,"menu_order":4,"comment_status":"closed","ping_status":"closed","template":"index.php","meta":{"_acf_changed":false,"footnotes":""},"class_list":["post-9","page","type-page","status-publish","has-post-thumbnail","hentry"],"acf":[],"yoast_head":"<!-- This site is optimized with the Yoast SEO plugin v27.4 - https:\/\/yoast.com\/product\/yoast-seo-wordpress\/ -->\n<title><\/title>\n<meta name=\"robots\" content=\"index, follow, max-snippet:-1, max-image-preview:large, max-video-preview:-1\" \/>\n<link rel=\"canonical\" href=\"https:\/\/qladvogados.com.br\/\" \/>\n<meta property=\"og:locale\" content=\"en_US\" \/>\n<meta property=\"og:type\" content=\"article\" \/>\n<meta property=\"og:title\" content=\"[:pb]Atuamos atentos \u00e0s transforma\u00e7\u00f5es pelas quais a sociedade e o mundo empresarial passam[:] - Queiroz e Lautenschl\u00e4ger Advogados\" \/>\n<meta property=\"og:url\" content=\"https:\/\/qladvogados.com.br\/\" \/>\n<meta property=\"og:site_name\" content=\"Queiroz e Lautenschl\u00e4ger Advogados\" \/>\n<meta property=\"article:modified_time\" content=\"2024-04-24T20:14:26+00:00\" \/>\n<meta property=\"og:image\" content=\"https:\/\/qladvogados.com.br\/wp-content\/uploads\/2024\/04\/home_1.jpg\" \/>\n\t<meta property=\"og:image:width\" content=\"1929\" \/>\n\t<meta property=\"og:image:height\" content=\"1286\" \/>\n\t<meta property=\"og:image:type\" content=\"image\/jpeg\" \/>\n<meta name=\"twitter:card\" content=\"summary_large_image\" \/>\n<script type=\"application\/ld+json\" class=\"yoast-schema-graph\">{\"@context\":\"https:\\\/\\\/schema.org\",\"@graph\":[{\"@type\":\"WebPage\",\"@id\":\"https:\\\/\\\/qladvogados.com.br\\\/\",\"url\":\"https:\\\/\\\/qladvogados.com.br\\\/\",\"name\":\"[:pb]Atuamos atentos \u00e0s transforma\u00e7\u00f5es pelas quais a sociedade e o mundo empresarial passam[:] - Queiroz e Lautenschl\u00e4ger Advogados\",\"isPartOf\":{\"@id\":\"https:\\\/\\\/qladvogados.com.br\\\/#website\"},\"primaryImageOfPage\":{\"@id\":\"https:\\\/\\\/qladvogados.com.br\\\/#primaryimage\"},\"image\":{\"@id\":\"https:\\\/\\\/qladvogados.com.br\\\/#primaryimage\"},\"thumbnailUrl\":\"https:\\\/\\\/qladvogados.com.br\\\/wp-content\\\/uploads\\\/2024\\\/04\\\/home_1.jpg\",\"datePublished\":\"2023-12-13T11:33:26+00:00\",\"dateModified\":\"2024-04-24T20:14:26+00:00\",\"breadcrumb\":{\"@id\":\"https:\\\/\\\/qladvogados.com.br\\\/#breadcrumb\"},\"inLanguage\":\"en-US\",\"potentialAction\":[{\"@type\":\"ReadAction\",\"target\":[\"https:\\\/\\\/qladvogados.com.br\\\/\"]}]},{\"@type\":\"ImageObject\",\"inLanguage\":\"en-US\",\"@id\":\"https:\\\/\\\/qladvogados.com.br\\\/#primaryimage\",\"url\":\"https:\\\/\\\/qladvogados.com.br\\\/wp-content\\\/uploads\\\/2024\\\/04\\\/home_1.jpg\",\"contentUrl\":\"https:\\\/\\\/qladvogados.com.br\\\/wp-content\\\/uploads\\\/2024\\\/04\\\/home_1.jpg\",\"width\":1929,\"height\":1286},{\"@type\":\"BreadcrumbList\",\"@id\":\"https:\\\/\\\/qladvogados.com.br\\\/#breadcrumb\",\"itemListElement\":[{\"@type\":\"ListItem\",\"position\":1,\"name\":\"In\u00edcio\",\"item\":\"https:\\\/\\\/qladvogados.com.br\\\/\"},{\"@type\":\"ListItem\",\"position\":2,\"name\":\"Atuamos atentos \u00e0s transforma\u00e7\u00f5es pelas quais a sociedade e o mundo empresarial passam\"}]},{\"@type\":\"WebSite\",\"@id\":\"https:\\\/\\\/qladvogados.com.br\\\/#website\",\"url\":\"https:\\\/\\\/qladvogados.com.br\\\/\",\"name\":\"Queiroz e Lautenschl\u00e4ger Advogados\",\"description\":\"\",\"potentialAction\":[{\"@type\":\"SearchAction\",\"target\":{\"@type\":\"EntryPoint\",\"urlTemplate\":\"https:\\\/\\\/qladvogados.com.br\\\/?s={search_term_string}\"},\"query-input\":{\"@type\":\"PropertyValueSpecification\",\"valueRequired\":true,\"valueName\":\"search_term_string\"}}],\"inLanguage\":\"en-US\"}]}<\/script>\n<!-- \/ Yoast SEO plugin. -->","yoast_head_json":{"title":"[:pb]Atuamos atentos \u00e0s transforma\u00e7\u00f5es pelas quais a sociedade e o mundo empresarial passam[:] - Queiroz e Lautenschl\u00e4ger Advogados","robots":{"index":"index","follow":"follow","max-snippet":"max-snippet:-1","max-image-preview":"max-image-preview:large","max-video-preview":"max-video-preview:-1"},"canonical":"https:\/\/qladvogados.com.br\/","og_locale":"en_US","og_type":"article","og_title":"[:pb]Atuamos atentos \u00e0s transforma\u00e7\u00f5es pelas quais a sociedade e o mundo empresarial passam[:] - Queiroz e Lautenschl\u00e4ger Advogados","og_url":"https:\/\/qladvogados.com.br\/","og_site_name":"Queiroz e Lautenschl\u00e4ger Advogados","article_modified_time":"2024-04-24T20:14:26+00:00","og_image":[{"width":1929,"height":1286,"url":"https:\/\/qladvogados.com.br\/wp-content\/uploads\/2024\/04\/home_1.jpg","type":"image\/jpeg"}],"twitter_card":"summary_large_image","schema":{"@context":"https:\/\/schema.org","@graph":[{"@type":"WebPage","@id":"https:\/\/qladvogados.com.br\/","url":"https:\/\/qladvogados.com.br\/","name":"[:pb]Atuamos atentos \u00e0s transforma\u00e7\u00f5es pelas quais a sociedade e o mundo empresarial passam[:] - Queiroz e Lautenschl\u00e4ger Advogados","isPartOf":{"@id":"https:\/\/qladvogados.com.br\/#website"},"primaryImageOfPage":{"@id":"https:\/\/qladvogados.com.br\/#primaryimage"},"image":{"@id":"https:\/\/qladvogados.com.br\/#primaryimage"},"thumbnailUrl":"https:\/\/qladvogados.com.br\/wp-content\/uploads\/2024\/04\/home_1.jpg","datePublished":"2023-12-13T11:33:26+00:00","dateModified":"2024-04-24T20:14:26+00:00","breadcrumb":{"@id":"https:\/\/qladvogados.com.br\/#breadcrumb"},"inLanguage":"en-US","potentialAction":[{"@type":"ReadAction","target":["https:\/\/qladvogados.com.br\/"]}]},{"@type":"ImageObject","inLanguage":"en-US","@id":"https:\/\/qladvogados.com.br\/#primaryimage","url":"https:\/\/qladvogados.com.br\/wp-content\/uploads\/2024\/04\/home_1.jpg","contentUrl":"https:\/\/qladvogados.com.br\/wp-content\/uploads\/2024\/04\/home_1.jpg","width":1929,"height":1286},{"@type":"BreadcrumbList","@id":"https:\/\/qladvogados.com.br\/#breadcrumb","itemListElement":[{"@type":"ListItem","position":1,"name":"In\u00edcio","item":"https:\/\/qladvogados.com.br\/"},{"@type":"ListItem","position":2,"name":"Atuamos atentos \u00e0s transforma\u00e7\u00f5es pelas quais a sociedade e o mundo empresarial passam"}]},{"@type":"WebSite","@id":"https:\/\/qladvogados.com.br\/#website","url":"https:\/\/qladvogados.com.br\/","name":"Queiroz e Lautenschl\u00e4ger Advogados","description":"","potentialAction":[{"@type":"SearchAction","target":{"@type":"EntryPoint","urlTemplate":"https:\/\/qladvogados.com.br\/?s={search_term_string}"},"query-input":{"@type":"PropertyValueSpecification","valueRequired":true,"valueName":"search_term_string"}}],"inLanguage":"en-US"}]}},"_links":{"self":[{"href":"https:\/\/qladvogados.com.br\/en\/wp-json\/wp\/v2\/pages\/9","targetHints":{"allow":["GET"]}}],"collection":[{"href":"https:\/\/qladvogados.com.br\/en\/wp-json\/wp\/v2\/pages"}],"about":[{"href":"https:\/\/qladvogados.com.br\/en\/wp-json\/wp\/v2\/types\/page"}],"author":[{"embeddable":true,"href":"https:\/\/qladvogados.com.br\/en\/wp-json\/wp\/v2\/users\/1"}],"replies":[{"embeddable":true,"href":"https:\/\/qladvogados.com.br\/en\/wp-json\/wp\/v2\/comments?post=9"}],"version-history":[{"count":1,"href":"https:\/\/qladvogados.com.br\/en\/wp-json\/wp\/v2\/pages\/9\/revisions"}],"predecessor-version":[{"id":10,"href":"https:\/\/qladvogados.com.br\/en\/wp-json\/wp\/v2\/pages\/9\/revisions\/10"}],"wp:featuredmedia":[{"embeddable":true,"href":"https:\/\/qladvogados.com.br\/en\/wp-json\/wp\/v2\/media\/255"}],"wp:attachment":[{"href":"https:\/\/qladvogados.com.br\/en\/wp-json\/wp\/v2\/media?parent=9"}],"curies":[{"name":"wp","href":"https:\/\/api.w.org\/{rel}","templated":true}]}}