{"id":25,"date":"2023-12-13T08:36:06","date_gmt":"2023-12-13T11:36:06","guid":{"rendered":"https:\/\/qladvogados.com.br\/?page_id=25"},"modified":"2023-12-13T09:22:55","modified_gmt":"2023-12-13T12:22:55","slug":"publicacoes","status":"publish","type":"page","link":"https:\/\/qladvogados.com.br\/en\/publicacoes\/","title":{"rendered":"(PT) Publica\u00e7\u00f5es"},"content":{"rendered":"","protected":false},"excerpt":{"rendered":"","protected":false},"author":1,"featured_media":0,"parent":0,"menu_order":10,"comment_status":"closed","ping_status":"closed","template":"page-publicacoes.php","meta":{"_acf_changed":false,"footnotes":""},"class_list":["post-25","page","type-page","status-publish","hentry"],"acf":[],"yoast_head":"<!-- This site is optimized with the Yoast SEO plugin v27.4 - https:\/\/yoast.com\/product\/yoast-seo-wordpress\/ -->\n<title><\/title>\n<meta name=\"robots\" content=\"index, follow, max-snippet:-1, max-image-preview:large, max-video-preview:-1\" \/>\n<link rel=\"canonical\" href=\"https:\/\/qladvogados.com.br\/publicacoes\/\" \/>\n<meta property=\"og:locale\" content=\"en_US\" \/>\n<meta property=\"og:type\" content=\"article\" \/>\n<meta property=\"og:title\" content=\"[:pb]Publica\u00e7\u00f5es[:] - Queiroz e Lautenschl\u00e4ger Advogados\" \/>\n<meta property=\"og:url\" content=\"https:\/\/qladvogados.com.br\/publicacoes\/\" \/>\n<meta property=\"og:site_name\" content=\"Queiroz e Lautenschl\u00e4ger Advogados\" \/>\n<meta property=\"article:modified_time\" content=\"2023-12-13T12:22:55+00:00\" \/>\n<meta name=\"twitter:card\" content=\"summary_large_image\" \/>\n<script type=\"application\/ld+json\" class=\"yoast-schema-graph\">{\"@context\":\"https:\\\/\\\/schema.org\",\"@graph\":[{\"@type\":\"WebPage\",\"@id\":\"https:\\\/\\\/qladvogados.com.br\\\/publicacoes\\\/\",\"url\":\"https:\\\/\\\/qladvogados.com.br\\\/publicacoes\\\/\",\"name\":\"[:pb]Publica\u00e7\u00f5es[:] - Queiroz e Lautenschl\u00e4ger Advogados\",\"isPartOf\":{\"@id\":\"https:\\\/\\\/qladvogados.com.br\\\/#website\"},\"datePublished\":\"2023-12-13T11:36:06+00:00\",\"dateModified\":\"2023-12-13T12:22:55+00:00\",\"breadcrumb\":{\"@id\":\"https:\\\/\\\/qladvogados.com.br\\\/publicacoes\\\/#breadcrumb\"},\"inLanguage\":\"en-US\",\"potentialAction\":[{\"@type\":\"ReadAction\",\"target\":[\"https:\\\/\\\/qladvogados.com.br\\\/publicacoes\\\/\"]}]},{\"@type\":\"BreadcrumbList\",\"@id\":\"https:\\\/\\\/qladvogados.com.br\\\/publicacoes\\\/#breadcrumb\",\"itemListElement\":[{\"@type\":\"ListItem\",\"position\":1,\"name\":\"In\u00edcio\",\"item\":\"https:\\\/\\\/qladvogados.com.br\\\/\"},{\"@type\":\"ListItem\",\"position\":2,\"name\":\"Publica\u00e7\u00f5es\"}]},{\"@type\":\"WebSite\",\"@id\":\"https:\\\/\\\/qladvogados.com.br\\\/#website\",\"url\":\"https:\\\/\\\/qladvogados.com.br\\\/\",\"name\":\"Queiroz e Lautenschl\u00e4ger Advogados\",\"description\":\"\",\"potentialAction\":[{\"@type\":\"SearchAction\",\"target\":{\"@type\":\"EntryPoint\",\"urlTemplate\":\"https:\\\/\\\/qladvogados.com.br\\\/?s={search_term_string}\"},\"query-input\":{\"@type\":\"PropertyValueSpecification\",\"valueRequired\":true,\"valueName\":\"search_term_string\"}}],\"inLanguage\":\"en-US\"}]}<\/script>\n<!-- \/ Yoast SEO plugin. -->","yoast_head_json":{"title":"[:pb]Publica\u00e7\u00f5es[:] - Queiroz e Lautenschl\u00e4ger Advogados","robots":{"index":"index","follow":"follow","max-snippet":"max-snippet:-1","max-image-preview":"max-image-preview:large","max-video-preview":"max-video-preview:-1"},"canonical":"https:\/\/qladvogados.com.br\/publicacoes\/","og_locale":"en_US","og_type":"article","og_title":"[:pb]Publica\u00e7\u00f5es[:] - Queiroz e Lautenschl\u00e4ger Advogados","og_url":"https:\/\/qladvogados.com.br\/publicacoes\/","og_site_name":"Queiroz e Lautenschl\u00e4ger Advogados","article_modified_time":"2023-12-13T12:22:55+00:00","twitter_card":"summary_large_image","schema":{"@context":"https:\/\/schema.org","@graph":[{"@type":"WebPage","@id":"https:\/\/qladvogados.com.br\/publicacoes\/","url":"https:\/\/qladvogados.com.br\/publicacoes\/","name":"[:pb]Publica\u00e7\u00f5es[:] - Queiroz e Lautenschl\u00e4ger Advogados","isPartOf":{"@id":"https:\/\/qladvogados.com.br\/#website"},"datePublished":"2023-12-13T11:36:06+00:00","dateModified":"2023-12-13T12:22:55+00:00","breadcrumb":{"@id":"https:\/\/qladvogados.com.br\/publicacoes\/#breadcrumb"},"inLanguage":"en-US","potentialAction":[{"@type":"ReadAction","target":["https:\/\/qladvogados.com.br\/publicacoes\/"]}]},{"@type":"BreadcrumbList","@id":"https:\/\/qladvogados.com.br\/publicacoes\/#breadcrumb","itemListElement":[{"@type":"ListItem","position":1,"name":"In\u00edcio","item":"https:\/\/qladvogados.com.br\/"},{"@type":"ListItem","position":2,"name":"Publica\u00e7\u00f5es"}]},{"@type":"WebSite","@id":"https:\/\/qladvogados.com.br\/#website","url":"https:\/\/qladvogados.com.br\/","name":"Queiroz e Lautenschl\u00e4ger Advogados","description":"","potentialAction":[{"@type":"SearchAction","target":{"@type":"EntryPoint","urlTemplate":"https:\/\/qladvogados.com.br\/?s={search_term_string}"},"query-input":{"@type":"PropertyValueSpecification","valueRequired":true,"valueName":"search_term_string"}}],"inLanguage":"en-US"}]}},"_links":{"self":[{"href":"https:\/\/qladvogados.com.br\/en\/wp-json\/wp\/v2\/pages\/25","targetHints":{"allow":["GET"]}}],"collection":[{"href":"https:\/\/qladvogados.com.br\/en\/wp-json\/wp\/v2\/pages"}],"about":[{"href":"https:\/\/qladvogados.com.br\/en\/wp-json\/wp\/v2\/types\/page"}],"author":[{"embeddable":true,"href":"https:\/\/qladvogados.com.br\/en\/wp-json\/wp\/v2\/users\/1"}],"replies":[{"embeddable":true,"href":"https:\/\/qladvogados.com.br\/en\/wp-json\/wp\/v2\/comments?post=25"}],"version-history":[{"count":1,"href":"https:\/\/qladvogados.com.br\/en\/wp-json\/wp\/v2\/pages\/25\/revisions"}],"predecessor-version":[{"id":26,"href":"https:\/\/qladvogados.com.br\/en\/wp-json\/wp\/v2\/pages\/25\/revisions\/26"}],"wp:attachment":[{"href":"https:\/\/qladvogados.com.br\/en\/wp-json\/wp\/v2\/media?parent=25"}],"curies":[{"name":"wp","href":"https:\/\/api.w.org\/{rel}","templated":true}]}}